{"id":193,"date":"2016-01-27T10:22:23","date_gmt":"2016-01-27T12:22:23","guid":{"rendered":"https:\/\/grupoairslaid.com.br\/lonas\/?post_type=product&#038;p=193"},"modified":"2023-11-13T10:17:40","modified_gmt":"2023-11-13T13:17:40","slug":"bolsa-centrifuga","status":"publish","type":"product","link":"https:\/\/grupoairslaid.com.br\/lonas\/produto\/bolsa-centrifuga\/","title":{"rendered":"Bolsa centr\u00edfuga"},"content":{"rendered":"<p>As bolsas centr\u00edfugas, s\u00e3o confeccionadas com tecidos altamente resistentes, al\u00e9m de seus designs compat\u00edveis com cada processo e equipamento.<\/p>\n<p>Nos tecidos monofilamento, multifilamento, mono-multi.<\/p>\n<p>Produto espec\u00edfico, na utiliza\u00e7\u00e3o da:<\/p>\n<p>&#8211; Secagem<br \/>\n&#8211; Separa\u00e7\u00e3o<br \/>\n&#8211; Extra\u00e7\u00e3o<br \/>\n&#8211; Clarifica\u00e7\u00e3o<br \/>\n&#8211; Fabrica\u00e7\u00e3o<br \/>\n&#8211; Purifica\u00e7\u00e3o<br \/>\n&#8211; Tingimento<\/p>\n","protected":false},"excerpt":{"rendered":"<p>As bolsas centr\u00edfugas, s\u00e3o confeccionadas com tecidos altamente resistentes, al\u00e9m de seus designs compat\u00edveis com cada processo e equipamento. Nos tecidos monofilamento, multifilamento, mono-multi. Produto espec\u00edfico, na utiliza\u00e7\u00e3o da: &#8211; Secagem &#8211; Separa\u00e7\u00e3o &#8211; Extra\u00e7\u00e3o &#8211; Clarifica\u00e7\u00e3o &#8211; Fabrica\u00e7\u00e3o &#8211; Purifica\u00e7\u00e3o &#8211; Tingimento<\/p>\n","protected":false},"featured_media":5249,"comment_status":"closed","ping_status":"closed","template":"","meta":{"rank_math_lock_modified_date":false,"_monsterinsights_skip_tracking":false,"_monsterinsights_sitenote_active":false,"_monsterinsights_sitenote_note":"","_monsterinsights_sitenote_category":0,"_uf_show_specific_survey":0,"_uf_disable_surveys":false,"_joinchat":[]},"product_cat":[453],"product_tag":[],"acf":[],"aioseo_notices":[],"_links":{"self":[{"href":"https:\/\/grupoairslaid.com.br\/lonas\/wp-json\/wp\/v2\/product\/193"}],"collection":[{"href":"https:\/\/grupoairslaid.com.br\/lonas\/wp-json\/wp\/v2\/product"}],"about":[{"href":"https:\/\/grupoairslaid.com.br\/lonas\/wp-json\/wp\/v2\/types\/product"}],"replies":[{"embeddable":true,"href":"https:\/\/grupoairslaid.com.br\/lonas\/wp-json\/wp\/v2\/comments?post=193"}],"version-history":[{"count":1,"href":"https:\/\/grupoairslaid.com.br\/lonas\/wp-json\/wp\/v2\/product\/193\/revisions"}],"predecessor-version":[{"id":5510,"href":"https:\/\/grupoairslaid.com.br\/lonas\/wp-json\/wp\/v2\/product\/193\/revisions\/5510"}],"wp:featuredmedia":[{"embeddable":true,"href":"https:\/\/grupoairslaid.com.br\/lonas\/wp-json\/wp\/v2\/media\/5249"}],"wp:attachment":[{"href":"https:\/\/grupoairslaid.com.br\/lonas\/wp-json\/wp\/v2\/media?parent=193"}],"wp:term":[{"taxonomy":"product_cat","embeddable":true,"href":"https:\/\/grupoairslaid.com.br\/lonas\/wp-json\/wp\/v2\/product_cat?post=193"},{"taxonomy":"product_tag","embeddable":true,"href":"https:\/\/grupoairslaid.com.br\/lonas\/wp-json\/wp\/v2\/product_tag?post=193"}],"curies":[{"name":"wp","href":"https:\/\/api.w.org\/{rel}","templated":true}]}}