{"id":195,"date":"2016-01-27T10:37:44","date_gmt":"2016-01-27T12:37:44","guid":{"rendered":"https:\/\/grupoairslaid.com.br\/lonas\/?post_type=product&#038;p=195"},"modified":"2023-11-13T10:16:50","modified_gmt":"2023-11-13T13:16:50","slug":"esteira-para-filtro-automatico","status":"publish","type":"product","link":"https:\/\/grupoairslaid.com.br\/lonas\/produto\/esteira-para-filtro-automatico\/","title":{"rendered":"Esteira para filtro autom\u00e1tico"},"content":{"rendered":"<p>A esteira para filtro autom\u00e1tico \u00e9 confeccionada em tecido filtrante mono e\/ou multifilamento. S\u00e3o pr\u00e9-tensionados com acabamento termofixado ou calandrado para perfeita estabilidade dimensional e resist\u00eancia \u00e0 ruptura. Fabricadas e acabadas em grandes larguras, sem necessidade de emenda longitudinal.<\/p>\n","protected":false},"excerpt":{"rendered":"<p>A esteira para filtro autom\u00e1tico \u00e9 confeccionada em tecido filtrante mono e\/ou multifilamento. S\u00e3o pr\u00e9-tensionados com acabamento termofixado ou calandrado para perfeita estabilidade dimensional e resist\u00eancia \u00e0 ruptura. Fabricadas e acabadas em grandes larguras, sem necessidade de emenda longitudinal.<\/p>\n","protected":false},"featured_media":5179,"comment_status":"closed","ping_status":"closed","template":"","meta":{"rank_math_lock_modified_date":false,"_monsterinsights_skip_tracking":false,"_monsterinsights_sitenote_active":false,"_monsterinsights_sitenote_note":"","_monsterinsights_sitenote_category":0,"_uf_show_specific_survey":0,"_uf_disable_surveys":false,"_joinchat":[]},"product_cat":[453],"product_tag":[],"acf":[],"aioseo_notices":[],"_links":{"self":[{"href":"https:\/\/grupoairslaid.com.br\/lonas\/wp-json\/wp\/v2\/product\/195"}],"collection":[{"href":"https:\/\/grupoairslaid.com.br\/lonas\/wp-json\/wp\/v2\/product"}],"about":[{"href":"https:\/\/grupoairslaid.com.br\/lonas\/wp-json\/wp\/v2\/types\/product"}],"replies":[{"embeddable":true,"href":"https:\/\/grupoairslaid.com.br\/lonas\/wp-json\/wp\/v2\/comments?post=195"}],"version-history":[{"count":1,"href":"https:\/\/grupoairslaid.com.br\/lonas\/wp-json\/wp\/v2\/product\/195\/revisions"}],"predecessor-version":[{"id":5509,"href":"https:\/\/grupoairslaid.com.br\/lonas\/wp-json\/wp\/v2\/product\/195\/revisions\/5509"}],"wp:featuredmedia":[{"embeddable":true,"href":"https:\/\/grupoairslaid.com.br\/lonas\/wp-json\/wp\/v2\/media\/5179"}],"wp:attachment":[{"href":"https:\/\/grupoairslaid.com.br\/lonas\/wp-json\/wp\/v2\/media?parent=195"}],"wp:term":[{"taxonomy":"product_cat","embeddable":true,"href":"https:\/\/grupoairslaid.com.br\/lonas\/wp-json\/wp\/v2\/product_cat?post=195"},{"taxonomy":"product_tag","embeddable":true,"href":"https:\/\/grupoairslaid.com.br\/lonas\/wp-json\/wp\/v2\/product_tag?post=195"}],"curies":[{"name":"wp","href":"https:\/\/api.w.org\/{rel}","templated":true}]}}