{"id":199,"date":"2016-01-27T10:50:01","date_gmt":"2016-01-27T12:50:01","guid":{"rendered":"https:\/\/grupoairslaid.com.br\/lonas\/?post_type=product&#038;p=199"},"modified":"2023-10-03T21:12:42","modified_gmt":"2023-10-04T00:12:42","slug":"tela-espinha-de-peixe-para-filtro-tipo-belt","status":"publish","type":"product","link":"https:\/\/grupoairslaid.com.br\/lonas\/produto\/tela-espinha-de-peixe-para-filtro-tipo-belt\/","title":{"rendered":"Tela espinha de peixe para filtro tipo belt"},"content":{"rendered":"<p>A tela espinha de peixe para filtro tipo belt, \u00e9 um elemento filtrante \u00e9 confeccionado em tecidos mono e\/ou multifilamento. S\u00e3o pr\u00e9-tensionados com acabamento termofixado ou calandrado para perfeita estabilidade dimensional e resist\u00eancia \u00e0 ruptura.<\/p>\n<p>Geralmente, s\u00e3o muito utilizadas em processos como:<\/p>\n<ul>\n<li>Desaguamento de lodos<\/li>\n<li>Lavagem e secagem de fumo<\/li>\n<li>Transporte de borracha em forno de cura<\/li>\n<li>Entre outros<\/li>\n<\/ul>\n<p>Fabricadas e acabadas em grandes larguras, sem necessidade de emenda longitudinal.<\/p>\n<p><iframe title=\"Esteira Air Slaid para filtro tipo Belt\" width=\"500\" height=\"281\" src=\"https:\/\/www.youtube.com\/embed\/6fHLAshYYnk?feature=oembed\" frameborder=\"0\" allow=\"accelerometer; autoplay; clipboard-write; encrypted-media; gyroscope; picture-in-picture; web-share\" allowfullscreen><\/iframe><\/p>\n","protected":false},"excerpt":{"rendered":"<p>A tela espinha de peixe para filtro tipo belt, \u00e9 um elemento filtrante \u00e9 confeccionado em tecidos mono e\/ou multifilamento. S\u00e3o pr\u00e9-tensionados com acabamento termofixado ou calandrado para perfeita estabilidade dimensional e resist\u00eancia \u00e0 ruptura. Geralmente, s\u00e3o muito utilizadas em processos como: Desaguamento de lodos Lavagem e secagem de fumo Transporte de borracha em forno [&hellip;]<\/p>\n","protected":false},"featured_media":5178,"comment_status":"closed","ping_status":"closed","template":"","meta":{"rank_math_lock_modified_date":false,"_monsterinsights_skip_tracking":false,"_monsterinsights_sitenote_active":false,"_monsterinsights_sitenote_note":"","_monsterinsights_sitenote_category":0,"_uf_show_specific_survey":0,"_uf_disable_surveys":false,"_joinchat":[]},"product_cat":[453],"product_tag":[],"acf":[],"aioseo_notices":[],"_links":{"self":[{"href":"https:\/\/grupoairslaid.com.br\/lonas\/wp-json\/wp\/v2\/product\/199"}],"collection":[{"href":"https:\/\/grupoairslaid.com.br\/lonas\/wp-json\/wp\/v2\/product"}],"about":[{"href":"https:\/\/grupoairslaid.com.br\/lonas\/wp-json\/wp\/v2\/types\/product"}],"replies":[{"embeddable":true,"href":"https:\/\/grupoairslaid.com.br\/lonas\/wp-json\/wp\/v2\/comments?post=199"}],"version-history":[{"count":1,"href":"https:\/\/grupoairslaid.com.br\/lonas\/wp-json\/wp\/v2\/product\/199\/revisions"}],"predecessor-version":[{"id":5507,"href":"https:\/\/grupoairslaid.com.br\/lonas\/wp-json\/wp\/v2\/product\/199\/revisions\/5507"}],"wp:featuredmedia":[{"embeddable":true,"href":"https:\/\/grupoairslaid.com.br\/lonas\/wp-json\/wp\/v2\/media\/5178"}],"wp:attachment":[{"href":"https:\/\/grupoairslaid.com.br\/lonas\/wp-json\/wp\/v2\/media?parent=199"}],"wp:term":[{"taxonomy":"product_cat","embeddable":true,"href":"https:\/\/grupoairslaid.com.br\/lonas\/wp-json\/wp\/v2\/product_cat?post=199"},{"taxonomy":"product_tag","embeddable":true,"href":"https:\/\/grupoairslaid.com.br\/lonas\/wp-json\/wp\/v2\/product_tag?post=199"}],"curies":[{"name":"wp","href":"https:\/\/api.w.org\/{rel}","templated":true}]}}