{"id":206,"date":"2016-01-27T12:21:19","date_gmt":"2016-01-27T14:21:19","guid":{"rendered":"https:\/\/grupoairslaid.com.br\/lonas\/?post_type=product&#038;p=206"},"modified":"2024-10-14T21:53:33","modified_gmt":"2024-10-15T00:53:33","slug":"manga-filtrante","status":"publish","type":"product","link":"https:\/\/grupoairslaid.com.br\/lonas\/produto\/manga-filtrante\/","title":{"rendered":"Manga filtrante"},"content":{"rendered":"<p>As bolsas filtrantes Air Slaid s\u00e3o desenvolvidas sob medida para filtros de p\u00f3 dependendo da necessidade de cada cliente. As mangas de filtro podem ser feitas dos seguintes materiais: Poli\u00e9ster, polipropileno, nomex\u00ae, ryton\u00ae, fibra de vidro e acr\u00edlico. Air Slaid tamb\u00e9m oferece mangas para alto desempenho de filtragem.<\/p>\n<p>Mangas especiais em: Nomex, PPS, Acr\u00edlico, entre outros.<\/p>\n","protected":false},"excerpt":{"rendered":"<p>As bolsas filtrantes Air Slaid s\u00e3o desenvolvidas sob medida para filtros de p\u00f3 dependendo da necessidade de cada cliente. As mangas de filtro podem ser feitas dos seguintes materiais: Poli\u00e9ster, polipropileno, nomex\u00ae, ryton\u00ae, fibra de vidro e acr\u00edlico. Air Slaid tamb\u00e9m oferece mangas para alto desempenho de filtragem. Mangas especiais em: Nomex, PPS, Acr\u00edlico, entre [&hellip;]<\/p>\n","protected":false},"featured_media":5162,"comment_status":"closed","ping_status":"closed","template":"","meta":{"rank_math_lock_modified_date":false,"_monsterinsights_skip_tracking":false,"_monsterinsights_sitenote_active":false,"_monsterinsights_sitenote_note":"","_monsterinsights_sitenote_category":0,"_uf_show_specific_survey":0,"_uf_disable_surveys":false,"_joinchat":[]},"product_cat":[453],"product_tag":[],"acf":[],"aioseo_notices":[],"_links":{"self":[{"href":"https:\/\/grupoairslaid.com.br\/lonas\/wp-json\/wp\/v2\/product\/206"}],"collection":[{"href":"https:\/\/grupoairslaid.com.br\/lonas\/wp-json\/wp\/v2\/product"}],"about":[{"href":"https:\/\/grupoairslaid.com.br\/lonas\/wp-json\/wp\/v2\/types\/product"}],"replies":[{"embeddable":true,"href":"https:\/\/grupoairslaid.com.br\/lonas\/wp-json\/wp\/v2\/comments?post=206"}],"version-history":[{"count":2,"href":"https:\/\/grupoairslaid.com.br\/lonas\/wp-json\/wp\/v2\/product\/206\/revisions"}],"predecessor-version":[{"id":5937,"href":"https:\/\/grupoairslaid.com.br\/lonas\/wp-json\/wp\/v2\/product\/206\/revisions\/5937"}],"wp:featuredmedia":[{"embeddable":true,"href":"https:\/\/grupoairslaid.com.br\/lonas\/wp-json\/wp\/v2\/media\/5162"}],"wp:attachment":[{"href":"https:\/\/grupoairslaid.com.br\/lonas\/wp-json\/wp\/v2\/media?parent=206"}],"wp:term":[{"taxonomy":"product_cat","embeddable":true,"href":"https:\/\/grupoairslaid.com.br\/lonas\/wp-json\/wp\/v2\/product_cat?post=206"},{"taxonomy":"product_tag","embeddable":true,"href":"https:\/\/grupoairslaid.com.br\/lonas\/wp-json\/wp\/v2\/product_tag?post=206"}],"curies":[{"name":"wp","href":"https:\/\/api.w.org\/{rel}","templated":true}]}}