{"id":236,"date":"2016-02-01T07:28:10","date_gmt":"2016-02-01T09:28:10","guid":{"rendered":"https:\/\/grupoairslaid.com.br\/lonas\/?post_type=product&#038;p=236"},"modified":"2023-11-13T09:26:33","modified_gmt":"2023-11-13T12:26:33","slug":"tela-para-filtro-de-fuligem-masterpol-ffb","status":"publish","type":"product","link":"https:\/\/grupoairslaid.com.br\/lonas\/produto\/tela-para-filtro-de-fuligem-masterpol-ffb\/","title":{"rendered":"Tela para filtro de fuligem &#8211; Masterpol FFB"},"content":{"rendered":"<p>Tela para filtro de fuligem Masterpol FFB\u00a0 \u00e9 produzida em tecido monofilamento, 100% Poli\u00e9ster.<\/p>\n<p>Conhecida tamb\u00e9m como esteira para filtro de fuligem.<\/p>\n<p>Atende aos processos de filtra\u00e7\u00e3o industrial, sejam em filtros rotativos ou esteira.<\/p>\n<p>Suas aplica\u00e7\u00f5es incluem:<\/p>\n<ul>\n<li>Desidrata\u00e7\u00e3o do lodo;<\/li>\n<li>Lavagem de cinzas da caldeira e do caldo clarificado;<\/li>\n<li>Filtra\u00e7\u00e3o do lodo da fuligem;<\/li>\n<\/ul>\n<p>Seus benef\u00edcios incluem:<\/p>\n<ul>\n<li>Baixo consumo de energia;<\/li>\n<li>Alinhamento da tela;<\/li>\n<li>Maior vida \u00fatil;<\/li>\n<li>Torta mais seca;<\/li>\n<li>Rendimento operacional.<\/li>\n<\/ul>\n<p>Atende todos os requisitos t\u00e9cnicos, com um \u00f3timo \u00edndice de reten\u00e7\u00e3o.<\/p>\n<p><iframe title=\"Tela FFB Big Telas para uso em filtro de fuligem\" width=\"500\" height=\"281\" src=\"https:\/\/www.youtube.com\/embed\/r6-Ktpxe7Yo?feature=oembed\" frameborder=\"0\" allow=\"accelerometer; autoplay; clipboard-write; encrypted-media; gyroscope; picture-in-picture; web-share\" allowfullscreen><\/iframe><\/p>\n","protected":false},"excerpt":{"rendered":"<p>Tela para filtro de fuligem Masterpol FFB\u00a0 \u00e9 produzida em tecido monofilamento, 100% Poli\u00e9ster. Conhecida tamb\u00e9m como esteira para filtro de fuligem. Atende aos processos de filtra\u00e7\u00e3o industrial, sejam em filtros rotativos ou esteira. Suas aplica\u00e7\u00f5es incluem: Desidrata\u00e7\u00e3o do lodo; Lavagem de cinzas da caldeira e do caldo clarificado; Filtra\u00e7\u00e3o do lodo da fuligem; Seus [&hellip;]<\/p>\n","protected":false},"featured_media":5235,"comment_status":"closed","ping_status":"closed","template":"","meta":{"rank_math_lock_modified_date":false,"_monsterinsights_skip_tracking":false,"_monsterinsights_sitenote_active":false,"_monsterinsights_sitenote_note":"","_monsterinsights_sitenote_category":0,"_uf_show_specific_survey":0,"_uf_disable_surveys":false,"_joinchat":[]},"product_cat":[454],"product_tag":[],"acf":[],"aioseo_notices":[],"_links":{"self":[{"href":"https:\/\/grupoairslaid.com.br\/lonas\/wp-json\/wp\/v2\/product\/236"}],"collection":[{"href":"https:\/\/grupoairslaid.com.br\/lonas\/wp-json\/wp\/v2\/product"}],"about":[{"href":"https:\/\/grupoairslaid.com.br\/lonas\/wp-json\/wp\/v2\/types\/product"}],"replies":[{"embeddable":true,"href":"https:\/\/grupoairslaid.com.br\/lonas\/wp-json\/wp\/v2\/comments?post=236"}],"version-history":[{"count":1,"href":"https:\/\/grupoairslaid.com.br\/lonas\/wp-json\/wp\/v2\/product\/236\/revisions"}],"predecessor-version":[{"id":5490,"href":"https:\/\/grupoairslaid.com.br\/lonas\/wp-json\/wp\/v2\/product\/236\/revisions\/5490"}],"wp:featuredmedia":[{"embeddable":true,"href":"https:\/\/grupoairslaid.com.br\/lonas\/wp-json\/wp\/v2\/media\/5235"}],"wp:attachment":[{"href":"https:\/\/grupoairslaid.com.br\/lonas\/wp-json\/wp\/v2\/media?parent=236"}],"wp:term":[{"taxonomy":"product_cat","embeddable":true,"href":"https:\/\/grupoairslaid.com.br\/lonas\/wp-json\/wp\/v2\/product_cat?post=236"},{"taxonomy":"product_tag","embeddable":true,"href":"https:\/\/grupoairslaid.com.br\/lonas\/wp-json\/wp\/v2\/product_tag?post=236"}],"curies":[{"name":"wp","href":"https:\/\/api.w.org\/{rel}","templated":true}]}}