{"id":238,"date":"2016-02-01T07:24:22","date_gmt":"2016-02-01T09:24:22","guid":{"rendered":"https:\/\/grupoairslaid.com.br\/lonas\/?post_type=product&#038;p=238"},"modified":"2023-11-13T09:32:58","modified_gmt":"2023-11-13T12:32:58","slug":"tela-para-peneira-de-fuligem","status":"publish","type":"product","link":"https:\/\/grupoairslaid.com.br\/lonas\/produto\/tela-para-peneira-de-fuligem\/","title":{"rendered":"Tela para Peneira de Fuligem &#8211; Masterpol 12000"},"content":{"rendered":"<p>A tela para peneira de fuligem MasterPol 12000, \u00e9 produzida com fios em Poli\u00e9ster de 1,2mm.<\/p>\n<p>Produto utilizado em usinas de a\u00e7ucar e \u00e1lcool no processo de peneiramento de fuligem.<\/p>\n<p>Al\u00e9m disso, sua forte resist\u00eancia garante um bom rendimento do processo.<\/p>\n","protected":false},"excerpt":{"rendered":"<p>A tela para peneira de fuligem MasterPol 12000, \u00e9 produzida com fios em Poli\u00e9ster de 1,2mm. Produto utilizado em usinas de a\u00e7ucar e \u00e1lcool no processo de peneiramento de fuligem. Al\u00e9m disso, sua forte resist\u00eancia garante um bom rendimento do processo.<\/p>\n","protected":false},"featured_media":5174,"comment_status":"closed","ping_status":"closed","template":"","meta":{"rank_math_lock_modified_date":false,"_monsterinsights_skip_tracking":false,"_monsterinsights_sitenote_active":false,"_monsterinsights_sitenote_note":"","_monsterinsights_sitenote_category":0,"_uf_show_specific_survey":0,"_uf_disable_surveys":false,"_joinchat":[]},"product_cat":[454],"product_tag":[],"acf":[],"aioseo_notices":[],"_links":{"self":[{"href":"https:\/\/grupoairslaid.com.br\/lonas\/wp-json\/wp\/v2\/product\/238"}],"collection":[{"href":"https:\/\/grupoairslaid.com.br\/lonas\/wp-json\/wp\/v2\/product"}],"about":[{"href":"https:\/\/grupoairslaid.com.br\/lonas\/wp-json\/wp\/v2\/types\/product"}],"replies":[{"embeddable":true,"href":"https:\/\/grupoairslaid.com.br\/lonas\/wp-json\/wp\/v2\/comments?post=238"}],"version-history":[{"count":1,"href":"https:\/\/grupoairslaid.com.br\/lonas\/wp-json\/wp\/v2\/product\/238\/revisions"}],"predecessor-version":[{"id":5493,"href":"https:\/\/grupoairslaid.com.br\/lonas\/wp-json\/wp\/v2\/product\/238\/revisions\/5493"}],"wp:featuredmedia":[{"embeddable":true,"href":"https:\/\/grupoairslaid.com.br\/lonas\/wp-json\/wp\/v2\/media\/5174"}],"wp:attachment":[{"href":"https:\/\/grupoairslaid.com.br\/lonas\/wp-json\/wp\/v2\/media?parent=238"}],"wp:term":[{"taxonomy":"product_cat","embeddable":true,"href":"https:\/\/grupoairslaid.com.br\/lonas\/wp-json\/wp\/v2\/product_cat?post=238"},{"taxonomy":"product_tag","embeddable":true,"href":"https:\/\/grupoairslaid.com.br\/lonas\/wp-json\/wp\/v2\/product_tag?post=238"}],"curies":[{"name":"wp","href":"https:\/\/api.w.org\/{rel}","templated":true}]}}