{"id":4950,"date":"2016-01-27T12:42:31","date_gmt":"2016-01-27T14:42:31","guid":{"rendered":"https:\/\/grupoairslaid.com.br\/lonas\/?post_type=product&#038;p=210"},"modified":"2023-11-13T09:46:10","modified_gmt":"2023-11-13T12:46:10","slug":"saco-para-filtro-rotativo-a-disco","status":"publish","type":"product","link":"https:\/\/grupoairslaid.com.br\/lonas\/produto\/saco-para-filtro-rotativo-a-disco\/","title":{"rendered":"Sacos para filtro rotativo a disco"},"content":{"rendered":"<p>O saco para filtro rotativo \u00e9 um elementos filtrantes confeccionados em tecido de \u00f3tima elasticidade para o desprendimento da torta. Resulta em ganhos de produtividade na filtra\u00e7\u00e3o. A costura e o desenho padronizados garantem a durabilidade com forte resist\u00eancia mec\u00e2nica.<\/p>\n","protected":false},"excerpt":{"rendered":"<p>O saco para filtro rotativo \u00e9 um elementos filtrantes confeccionados em tecido de \u00f3tima elasticidade para o desprendimento da torta. Resulta em ganhos de produtividade na filtra\u00e7\u00e3o. A costura e o desenho padronizados garantem a durabilidade com forte resist\u00eancia mec\u00e2nica.<\/p>\n","protected":false},"featured_media":5231,"comment_status":"closed","ping_status":"closed","template":"","meta":{"rank_math_lock_modified_date":false,"_monsterinsights_skip_tracking":false,"_monsterinsights_sitenote_active":false,"_monsterinsights_sitenote_note":"","_monsterinsights_sitenote_category":0,"_uf_show_specific_survey":0,"_uf_disable_surveys":false,"_joinchat":[]},"product_cat":[453],"product_tag":[],"acf":[],"aioseo_notices":[],"_links":{"self":[{"href":"https:\/\/grupoairslaid.com.br\/lonas\/wp-json\/wp\/v2\/product\/4950"}],"collection":[{"href":"https:\/\/grupoairslaid.com.br\/lonas\/wp-json\/wp\/v2\/product"}],"about":[{"href":"https:\/\/grupoairslaid.com.br\/lonas\/wp-json\/wp\/v2\/types\/product"}],"replies":[{"embeddable":true,"href":"https:\/\/grupoairslaid.com.br\/lonas\/wp-json\/wp\/v2\/comments?post=4950"}],"version-history":[{"count":1,"href":"https:\/\/grupoairslaid.com.br\/lonas\/wp-json\/wp\/v2\/product\/4950\/revisions"}],"predecessor-version":[{"id":5501,"href":"https:\/\/grupoairslaid.com.br\/lonas\/wp-json\/wp\/v2\/product\/4950\/revisions\/5501"}],"wp:featuredmedia":[{"embeddable":true,"href":"https:\/\/grupoairslaid.com.br\/lonas\/wp-json\/wp\/v2\/media\/5231"}],"wp:attachment":[{"href":"https:\/\/grupoairslaid.com.br\/lonas\/wp-json\/wp\/v2\/media?parent=4950"}],"wp:term":[{"taxonomy":"product_cat","embeddable":true,"href":"https:\/\/grupoairslaid.com.br\/lonas\/wp-json\/wp\/v2\/product_cat?post=4950"},{"taxonomy":"product_tag","embeddable":true,"href":"https:\/\/grupoairslaid.com.br\/lonas\/wp-json\/wp\/v2\/product_tag?post=4950"}],"curies":[{"name":"wp","href":"https:\/\/api.w.org\/{rel}","templated":true}]}}