{"id":4952,"date":"2016-02-01T07:26:18","date_gmt":"2016-02-01T09:26:18","guid":{"rendered":"https:\/\/grupoairslaid.com.br\/lonas\/?post_type=product&#038;p=225"},"modified":"2023-11-13T09:28:32","modified_gmt":"2023-11-13T12:28:32","slug":"tela-peneira-de-fuligem-masterpol-q9000","status":"publish","type":"product","link":"https:\/\/grupoairslaid.com.br\/lonas\/produto\/tela-peneira-de-fuligem-masterpol-q9000\/","title":{"rendered":"Tela para peneira de fuligem Masterpol Q9000"},"content":{"rendered":"<p>A tela para peneira de fuligem MasterPol Q9000, \u00e9 confeccionada em fios monofilamento com aberturas de 2,70 x 2,90mm e di\u00e2metro de 1.00 mm.<\/p>\n<p>Seu uso \u00e9 especialmente, para atender o processo de peneiramento de fuligem com alto \u00edndice de vaz\u00e3o.<\/p>\n<p><a href=\"https:\/\/grupoairslaid.com.br\/lonas\/wp-content\/uploads\/2016\/02\/Q9000.jpg\" data-rel=\"lightbox-image-0\" data-rl_title=\"\" data-rl_caption=\"\" title=\"\"><img fetchpriority=\"high\" decoding=\"async\" class=\"alignnone wp-image-761\" src=\"https:\/\/grupoairslaid.com.br\/lonas\/wp-content\/uploads\/2016\/02\/Q9000-300x300.jpg\" alt=\"\" width=\"228\" height=\"228\" title=\"\"><\/a><\/p>\n","protected":false},"excerpt":{"rendered":"<p>A tela para peneira de fuligem MasterPol Q9000, \u00e9 confeccionada em fios monofilamento com aberturas de 2,70 x 2,90mm e di\u00e2metro de 1.00 mm. Seu uso \u00e9 especialmente, para atender o processo de peneiramento de fuligem com alto \u00edndice de vaz\u00e3o.<\/p>\n","protected":false},"featured_media":5233,"comment_status":"closed","ping_status":"closed","template":"","meta":{"rank_math_lock_modified_date":false,"_monsterinsights_skip_tracking":false,"_monsterinsights_sitenote_active":false,"_monsterinsights_sitenote_note":"","_monsterinsights_sitenote_category":0,"_uf_show_specific_survey":0,"_uf_disable_surveys":false,"_joinchat":[]},"product_cat":[454],"product_tag":[],"acf":[],"aioseo_notices":[],"_links":{"self":[{"href":"https:\/\/grupoairslaid.com.br\/lonas\/wp-json\/wp\/v2\/product\/4952"}],"collection":[{"href":"https:\/\/grupoairslaid.com.br\/lonas\/wp-json\/wp\/v2\/product"}],"about":[{"href":"https:\/\/grupoairslaid.com.br\/lonas\/wp-json\/wp\/v2\/types\/product"}],"replies":[{"embeddable":true,"href":"https:\/\/grupoairslaid.com.br\/lonas\/wp-json\/wp\/v2\/comments?post=4952"}],"version-history":[{"count":1,"href":"https:\/\/grupoairslaid.com.br\/lonas\/wp-json\/wp\/v2\/product\/4952\/revisions"}],"predecessor-version":[{"id":5492,"href":"https:\/\/grupoairslaid.com.br\/lonas\/wp-json\/wp\/v2\/product\/4952\/revisions\/5492"}],"wp:featuredmedia":[{"embeddable":true,"href":"https:\/\/grupoairslaid.com.br\/lonas\/wp-json\/wp\/v2\/media\/5233"}],"wp:attachment":[{"href":"https:\/\/grupoairslaid.com.br\/lonas\/wp-json\/wp\/v2\/media?parent=4952"}],"wp:term":[{"taxonomy":"product_cat","embeddable":true,"href":"https:\/\/grupoairslaid.com.br\/lonas\/wp-json\/wp\/v2\/product_cat?post=4952"},{"taxonomy":"product_tag","embeddable":true,"href":"https:\/\/grupoairslaid.com.br\/lonas\/wp-json\/wp\/v2\/product_tag?post=4952"}],"curies":[{"name":"wp","href":"https:\/\/api.w.org\/{rel}","templated":true}]}}