{"id":4954,"date":"2016-01-27T14:46:09","date_gmt":"2016-01-27T16:46:09","guid":{"rendered":"https:\/\/grupoairslaid.com.br\/lonas\/?post_type=product&#038;p=253"},"modified":"2023-11-13T09:35:58","modified_gmt":"2023-11-13T12:35:58","slug":"pino-de-emenda-de-telas","status":"publish","type":"product","link":"https:\/\/grupoairslaid.com.br\/lonas\/produto\/pino-de-emenda-de-telas\/","title":{"rendered":"Pino de emenda de telas"},"content":{"rendered":"<p>O pino de emenda de telas Big Telas \u00e9 um acess\u00f3rio utilizado para fechamento das telas espirais, produzidos em fios de a\u00e7o inox, de acordo com a tela fornecida.<\/p>\n","protected":false},"excerpt":{"rendered":"<p>O pino de emenda de telas Big Telas \u00e9 um acess\u00f3rio utilizado para fechamento das telas espirais, produzidos em fios de a\u00e7o inox, de acordo com a tela fornecida.<\/p>\n","protected":false},"featured_media":5168,"comment_status":"closed","ping_status":"closed","template":"","meta":{"rank_math_lock_modified_date":false,"_monsterinsights_skip_tracking":false,"_monsterinsights_sitenote_active":false,"_monsterinsights_sitenote_note":"","_monsterinsights_sitenote_category":0,"_uf_show_specific_survey":0,"_uf_disable_surveys":false,"_joinchat":[]},"product_cat":[454],"product_tag":[],"acf":[],"aioseo_notices":[],"_links":{"self":[{"href":"https:\/\/grupoairslaid.com.br\/lonas\/wp-json\/wp\/v2\/product\/4954"}],"collection":[{"href":"https:\/\/grupoairslaid.com.br\/lonas\/wp-json\/wp\/v2\/product"}],"about":[{"href":"https:\/\/grupoairslaid.com.br\/lonas\/wp-json\/wp\/v2\/types\/product"}],"replies":[{"embeddable":true,"href":"https:\/\/grupoairslaid.com.br\/lonas\/wp-json\/wp\/v2\/comments?post=4954"}],"version-history":[{"count":1,"href":"https:\/\/grupoairslaid.com.br\/lonas\/wp-json\/wp\/v2\/product\/4954\/revisions"}],"predecessor-version":[{"id":5496,"href":"https:\/\/grupoairslaid.com.br\/lonas\/wp-json\/wp\/v2\/product\/4954\/revisions\/5496"}],"wp:featuredmedia":[{"embeddable":true,"href":"https:\/\/grupoairslaid.com.br\/lonas\/wp-json\/wp\/v2\/media\/5168"}],"wp:attachment":[{"href":"https:\/\/grupoairslaid.com.br\/lonas\/wp-json\/wp\/v2\/media?parent=4954"}],"wp:term":[{"taxonomy":"product_cat","embeddable":true,"href":"https:\/\/grupoairslaid.com.br\/lonas\/wp-json\/wp\/v2\/product_cat?post=4954"},{"taxonomy":"product_tag","embeddable":true,"href":"https:\/\/grupoairslaid.com.br\/lonas\/wp-json\/wp\/v2\/product_tag?post=4954"}],"curies":[{"name":"wp","href":"https:\/\/api.w.org\/{rel}","templated":true}]}}