{"id":5221,"date":"2016-02-01T07:12:11","date_gmt":"2016-02-01T09:12:11","guid":{"rendered":"https:\/\/grupoairslaid.com.br\/lonas\/novo\/?post_type=product&#038;p=5221"},"modified":"2023-10-03T20:57:43","modified_gmt":"2023-10-03T23:57:43","slug":"lonas-para-filtro-prensa-2","status":"publish","type":"product","link":"https:\/\/grupoairslaid.com.br\/lonas\/produto\/lonas-para-filtro-prensa-2\/","title":{"rendered":"Lonas para filtro prensa"},"content":{"rendered":"<ul>\n<li>Las lonas para filtro de prensa Air Slaid es un elemento filtrante confeccionado de forma personalizada. Producimos canvas en las dimensiones de 250\u00d7250 mm hasta 2500\u00d72500 mm con todos los accesorios, gramaje e especificaciones que su proceso exija.\n<ul>\n<li>Embutir en el \u00e1rea del sello<\/li>\n<li>Cortadas l\u00e1ser<\/li>\n<li>Cierre en velcron ou botones<\/li>\n<li>Fijaci\u00f3n por presillas<\/li>\n<li>Cuchillas por ultrasonido<\/li>\n<li>Interconexi\u00f3n en Rubber-neck<\/li>\n<\/ul>\n<p><strong>En los tejidos:<\/strong>\u00a0Monofilamento, Multifilamento, Fibra cortada y mezclada.<\/p>\n<p><strong>En las fibras:<\/strong>\u00a0Polipropileno (PP), Poliamida (PA), Poli\u00e9ster (PES), Algod\u00f3n (CA).<\/p>\n<p><strong>Benef\u00edcios Lonas filtro prensa Air Said:<\/strong><\/p>\n<ul>\n<li>Rendimiento y alto rendimiento<\/li>\n<li>Resistencia qu\u00edmica y abras\u00edon<\/li>\n<li>Filtrado m\u00e1s puro y desprendimiento de empanada autom\u00e1tica<\/li>\n<li>Dise\u00f1os estandarizados para todos los requisitos t\u00e9cnicos<\/li>\n<li>F\u00e1cil mantenimiento y lavado<\/li>\n<li>Durabilidad<\/li>\n<li>Calidad y seguridad para su proceso<\/li>\n<\/ul>\n<\/li>\n<\/ul>\n<p>&nbsp;<\/p>\n<p><a href=\"https:\/\/api.whatsapp.com\/send?phone=5519983640027\" target=\"_blank\" rel=\"noopener\">https:\/\/api.whatsapp.com\/send?phone=5519983640027<\/a><\/p>\n<p><a href=\"https:\/\/grupoairslaid.com.br\/lonas\/contato\/\">https:\/\/grupoairslaid.com.br\/lonas\/contato\/<\/a><\/p>\n<p>&nbsp;<\/p>\n","protected":false},"excerpt":{"rendered":"<p>Las lonas para filtro de prensa Air Slaid es un elemento filtrante confeccionado de forma personalizada. Producimos canvas en las dimensiones de 250\u00d7250 mm hasta 2500\u00d72500 mm con todos los accesorios, gramaje e especificaciones que su proceso exija. Embutir en el \u00e1rea del sello Cortadas l\u00e1ser Cierre en velcron ou botones Fijaci\u00f3n por presillas Cuchillas [&hellip;]<\/p>\n","protected":false},"featured_media":5191,"comment_status":"closed","ping_status":"closed","template":"","meta":{"rank_math_lock_modified_date":false,"_monsterinsights_skip_tracking":false,"_monsterinsights_sitenote_active":false,"_monsterinsights_sitenote_note":"","_monsterinsights_sitenote_category":0,"_uf_show_specific_survey":0,"_uf_disable_surveys":false,"_joinchat":[]},"product_cat":[453],"product_tag":[],"acf":[],"aioseo_notices":[],"_links":{"self":[{"href":"https:\/\/grupoairslaid.com.br\/lonas\/wp-json\/wp\/v2\/product\/5221"}],"collection":[{"href":"https:\/\/grupoairslaid.com.br\/lonas\/wp-json\/wp\/v2\/product"}],"about":[{"href":"https:\/\/grupoairslaid.com.br\/lonas\/wp-json\/wp\/v2\/types\/product"}],"replies":[{"embeddable":true,"href":"https:\/\/grupoairslaid.com.br\/lonas\/wp-json\/wp\/v2\/comments?post=5221"}],"version-history":[{"count":1,"href":"https:\/\/grupoairslaid.com.br\/lonas\/wp-json\/wp\/v2\/product\/5221\/revisions"}],"predecessor-version":[{"id":5494,"href":"https:\/\/grupoairslaid.com.br\/lonas\/wp-json\/wp\/v2\/product\/5221\/revisions\/5494"}],"wp:featuredmedia":[{"embeddable":true,"href":"https:\/\/grupoairslaid.com.br\/lonas\/wp-json\/wp\/v2\/media\/5191"}],"wp:attachment":[{"href":"https:\/\/grupoairslaid.com.br\/lonas\/wp-json\/wp\/v2\/media?parent=5221"}],"wp:term":[{"taxonomy":"product_cat","embeddable":true,"href":"https:\/\/grupoairslaid.com.br\/lonas\/wp-json\/wp\/v2\/product_cat?post=5221"},{"taxonomy":"product_tag","embeddable":true,"href":"https:\/\/grupoairslaid.com.br\/lonas\/wp-json\/wp\/v2\/product_tag?post=5221"}],"curies":[{"name":"wp","href":"https:\/\/api.w.org\/{rel}","templated":true}]}}