{"id":5224,"date":"2016-01-27T12:25:25","date_gmt":"2016-01-27T14:25:25","guid":{"rendered":"https:\/\/grupoairslaid.com.br\/lonas\/novo\/?post_type=product&#038;p=5224"},"modified":"2023-11-13T09:47:01","modified_gmt":"2023-11-13T12:47:01","slug":"saco-galvanico","status":"publish","type":"product","link":"https:\/\/grupoairslaid.com.br\/lonas\/produto\/saco-galvanico\/","title":{"rendered":"Bolsas galv\u00e2nicas"},"content":{"rendered":"<p>Las bolsas galv\u00e1nicas son elementos filtrantes hechas con tejidos e hilos especiales que resisten a los procesos qu\u00edmicos. Son confeccionadas conforme a lo solicitado por cada cliente.<\/p>\n","protected":false},"excerpt":{"rendered":"<p>Las bolsas galv\u00e1nicas son elementos filtrantes hechas con tejidos e hilos especiales que resisten a los procesos qu\u00edmicos. Son confeccionadas conforme a lo solicitado por cada cliente.<\/p>\n","protected":false},"featured_media":5161,"comment_status":"closed","ping_status":"closed","template":"","meta":{"rank_math_lock_modified_date":false,"_monsterinsights_skip_tracking":false,"_monsterinsights_sitenote_active":false,"_monsterinsights_sitenote_note":"","_monsterinsights_sitenote_category":0,"_uf_show_specific_survey":0,"_uf_disable_surveys":false,"_joinchat":[]},"product_cat":[453],"product_tag":[],"acf":[],"aioseo_notices":[],"_links":{"self":[{"href":"https:\/\/grupoairslaid.com.br\/lonas\/wp-json\/wp\/v2\/product\/5224"}],"collection":[{"href":"https:\/\/grupoairslaid.com.br\/lonas\/wp-json\/wp\/v2\/product"}],"about":[{"href":"https:\/\/grupoairslaid.com.br\/lonas\/wp-json\/wp\/v2\/types\/product"}],"replies":[{"embeddable":true,"href":"https:\/\/grupoairslaid.com.br\/lonas\/wp-json\/wp\/v2\/comments?post=5224"}],"version-history":[{"count":1,"href":"https:\/\/grupoairslaid.com.br\/lonas\/wp-json\/wp\/v2\/product\/5224\/revisions"}],"predecessor-version":[{"id":5502,"href":"https:\/\/grupoairslaid.com.br\/lonas\/wp-json\/wp\/v2\/product\/5224\/revisions\/5502"}],"wp:featuredmedia":[{"embeddable":true,"href":"https:\/\/grupoairslaid.com.br\/lonas\/wp-json\/wp\/v2\/media\/5161"}],"wp:attachment":[{"href":"https:\/\/grupoairslaid.com.br\/lonas\/wp-json\/wp\/v2\/media?parent=5224"}],"wp:term":[{"taxonomy":"product_cat","embeddable":true,"href":"https:\/\/grupoairslaid.com.br\/lonas\/wp-json\/wp\/v2\/product_cat?post=5224"},{"taxonomy":"product_tag","embeddable":true,"href":"https:\/\/grupoairslaid.com.br\/lonas\/wp-json\/wp\/v2\/product_tag?post=5224"}],"curies":[{"name":"wp","href":"https:\/\/api.w.org\/{rel}","templated":true}]}}