{"id":5226,"date":"2016-01-27T10:56:21","date_gmt":"2016-01-27T12:56:21","guid":{"rendered":"https:\/\/grupoairslaid.com.br\/lonas\/novo\/?post_type=product&#038;p=5226"},"modified":"2023-11-13T10:14:13","modified_gmt":"2023-11-13T13:14:13","slug":"lona-air-slide-para-leito-fluidizado","status":"publish","type":"product","link":"https:\/\/grupoairslaid.com.br\/lonas\/produto\/lona-air-slide-para-leito-fluidizado\/","title":{"rendered":"Lona Air Slide para lecho fluidizado"},"content":{"rendered":"<p>La lona Air Slide, hecha en tejido poli\u00e9ster (PES). Indicado para uso en la industria del cemento, proporciona un excelente pasaje del aire. Ideal para uso en riles de transporte neum\u00e1tico. Fabricada en los espesores de 3, 5, 6 y 8 mm.<\/p>\n<p>Mayor durabilidad + productividad<br \/>\nResistencia a la abrasi\u00f3n<br \/>\nProyectos personalizados<br \/>\nDise\u00f1o y acabados exclusivos<br \/>\nFabricaci\u00f3n propia<br \/>\nExcelente desempe\u00f1o en la utilizaci\u00f3n en camin\u00f3n de silo de almacenaje y vag\u00f3n tanque de cemento.<\/p>\n<p>El producto tambi\u00e9n se utiliza en el transporte de:<\/p>\n<p>Al\u00famina<br \/>\nBauxita<br \/>\nCemento<br \/>\nCarbonato de calcio<br \/>\nCarb\u00f3n fino<br \/>\nCaol\u00edn<br \/>\nHarina<br \/>\nGris<br \/>\nTalco<\/p>\n","protected":false},"excerpt":{"rendered":"<p>La lona Air Slide, hecha en tejido poli\u00e9ster (PES). Indicado para uso en la industria del cemento, proporciona un excelente pasaje del aire. Ideal para uso en riles de transporte neum\u00e1tico. Fabricada en los espesores de 3, 5, 6 y 8 mm. Mayor durabilidad + productividad Resistencia a la abrasi\u00f3n Proyectos personalizados Dise\u00f1o y acabados [&hellip;]<\/p>\n","protected":false},"featured_media":5248,"comment_status":"closed","ping_status":"closed","template":"","meta":{"rank_math_lock_modified_date":false,"_monsterinsights_skip_tracking":false,"_monsterinsights_sitenote_active":false,"_monsterinsights_sitenote_note":"","_monsterinsights_sitenote_category":0,"_uf_show_specific_survey":0,"_uf_disable_surveys":false,"_joinchat":[]},"product_cat":[453],"product_tag":[],"acf":[],"aioseo_notices":[],"_links":{"self":[{"href":"https:\/\/grupoairslaid.com.br\/lonas\/wp-json\/wp\/v2\/product\/5226"}],"collection":[{"href":"https:\/\/grupoairslaid.com.br\/lonas\/wp-json\/wp\/v2\/product"}],"about":[{"href":"https:\/\/grupoairslaid.com.br\/lonas\/wp-json\/wp\/v2\/types\/product"}],"replies":[{"embeddable":true,"href":"https:\/\/grupoairslaid.com.br\/lonas\/wp-json\/wp\/v2\/comments?post=5226"}],"version-history":[{"count":1,"href":"https:\/\/grupoairslaid.com.br\/lonas\/wp-json\/wp\/v2\/product\/5226\/revisions"}],"predecessor-version":[{"id":5505,"href":"https:\/\/grupoairslaid.com.br\/lonas\/wp-json\/wp\/v2\/product\/5226\/revisions\/5505"}],"wp:featuredmedia":[{"embeddable":true,"href":"https:\/\/grupoairslaid.com.br\/lonas\/wp-json\/wp\/v2\/media\/5248"}],"wp:attachment":[{"href":"https:\/\/grupoairslaid.com.br\/lonas\/wp-json\/wp\/v2\/media?parent=5226"}],"wp:term":[{"taxonomy":"product_cat","embeddable":true,"href":"https:\/\/grupoairslaid.com.br\/lonas\/wp-json\/wp\/v2\/product_cat?post=5226"},{"taxonomy":"product_tag","embeddable":true,"href":"https:\/\/grupoairslaid.com.br\/lonas\/wp-json\/wp\/v2\/product_tag?post=5226"}],"curies":[{"name":"wp","href":"https:\/\/api.w.org\/{rel}","templated":true}]}}