{"id":5238,"date":"2022-11-22T15:33:19","date_gmt":"2022-11-22T18:33:19","guid":{"rendered":"https:\/\/grupoairslaid.com.br\/lonas\/novo\/?post_type=product&#038;p=5238"},"modified":"2023-11-13T09:21:57","modified_gmt":"2023-11-13T12:21:57","slug":"correia-curbe-para-filtro-de-fuligem","status":"publish","type":"product","link":"https:\/\/grupoairslaid.com.br\/lonas\/produto\/correia-curbe-para-filtro-de-fuligem\/","title":{"rendered":"Correia Curbe para filtro de fuligem"},"content":{"rendered":"<p>Correia Transportadora em PVC (Policroleto de Vinila)<\/p>\n<p>\u2013 F\u00e1cil encaixe no equipamento;<br \/>\n\u2013 Material exclusivo;<br \/>\n\u2013 Flexibilidade e manuseio;<br \/>\n\u2013 Antiabrasivo;<br \/>\n\u2013 Estabilidade da tela.<\/p>\n<p>Componente ideal, para filtra\u00e7\u00e3o da fuligem auxiliando os ganhos produtivos e evitando paradas mec\u00e2nicas.<\/p>\n","protected":false},"excerpt":{"rendered":"<p>Correia Transportadora em PVC (Policroleto de Vinila) \u2013 F\u00e1cil encaixe no equipamento; \u2013 Material exclusivo; \u2013 Flexibilidade e manuseio; \u2013 Antiabrasivo; \u2013 Estabilidade da tela. Componente ideal, para filtra\u00e7\u00e3o da fuligem auxiliando os ganhos produtivos e evitando paradas mec\u00e2nicas.<\/p>\n","protected":false},"featured_media":5239,"comment_status":"closed","ping_status":"closed","template":"","meta":{"rank_math_lock_modified_date":false,"_monsterinsights_skip_tracking":false,"_monsterinsights_sitenote_active":false,"_monsterinsights_sitenote_note":"","_monsterinsights_sitenote_category":0,"_uf_show_specific_survey":0,"_uf_disable_surveys":false,"_joinchat":[]},"product_cat":[454],"product_tag":[],"acf":[],"aioseo_notices":[],"_links":{"self":[{"href":"https:\/\/grupoairslaid.com.br\/lonas\/wp-json\/wp\/v2\/product\/5238"}],"collection":[{"href":"https:\/\/grupoairslaid.com.br\/lonas\/wp-json\/wp\/v2\/product"}],"about":[{"href":"https:\/\/grupoairslaid.com.br\/lonas\/wp-json\/wp\/v2\/types\/product"}],"replies":[{"embeddable":true,"href":"https:\/\/grupoairslaid.com.br\/lonas\/wp-json\/wp\/v2\/comments?post=5238"}],"version-history":[{"count":1,"href":"https:\/\/grupoairslaid.com.br\/lonas\/wp-json\/wp\/v2\/product\/5238\/revisions"}],"predecessor-version":[{"id":5443,"href":"https:\/\/grupoairslaid.com.br\/lonas\/wp-json\/wp\/v2\/product\/5238\/revisions\/5443"}],"wp:featuredmedia":[{"embeddable":true,"href":"https:\/\/grupoairslaid.com.br\/lonas\/wp-json\/wp\/v2\/media\/5239"}],"wp:attachment":[{"href":"https:\/\/grupoairslaid.com.br\/lonas\/wp-json\/wp\/v2\/media?parent=5238"}],"wp:term":[{"taxonomy":"product_cat","embeddable":true,"href":"https:\/\/grupoairslaid.com.br\/lonas\/wp-json\/wp\/v2\/product_cat?post=5238"},{"taxonomy":"product_tag","embeddable":true,"href":"https:\/\/grupoairslaid.com.br\/lonas\/wp-json\/wp\/v2\/product_tag?post=5238"}],"curies":[{"name":"wp","href":"https:\/\/api.w.org\/{rel}","templated":true}]}}