{"id":5251,"date":"2022-11-24T13:13:31","date_gmt":"2022-11-24T16:13:31","guid":{"rendered":"https:\/\/grupoairslaid.com.br\/lonas\/novo\/?post_type=product&#038;p=5251"},"modified":"2023-10-03T20:49:41","modified_gmt":"2023-10-03T23:49:41","slug":"placas-para-filtro-prensa","status":"publish","type":"product","link":"https:\/\/grupoairslaid.com.br\/lonas\/produto\/placas-para-filtro-prensa\/","title":{"rendered":"Placas para filtro prensa"},"content":{"rendered":"<p>As placas para filtro prensa, s\u00e3o elementos que comp\u00f5em o filtro. S\u00e3o em material Polipropileno.<\/p>\n<p>Aqui na Air Slaid, s\u00e3o disponibilizadas, diversos tamanhos:<\/p>\n<p>400x400mm<\/p>\n<p>630x630mm<\/p>\n<p>800x800mm<\/p>\n<p>1000x1000mm<\/p>\n<p>&nbsp;<\/p>\n<p>Vantagens:<\/p>\n<ul>\n<li>F\u00e1cil Limpeza e desprendimento da torta<\/li>\n<li>Produto Anticorrosivo a diversos produtos qu\u00edmicos<\/li>\n<li>Baixo peso<\/li>\n<\/ul>\n","protected":false},"excerpt":{"rendered":"<p>As placas para filtro prensa, s\u00e3o elementos que comp\u00f5em o filtro. S\u00e3o em material Polipropileno. Aqui na Air Slaid, s\u00e3o disponibilizadas, diversos tamanhos: 400x400mm 630x630mm 800x800mm 1000x1000mm &nbsp; Vantagens: F\u00e1cil Limpeza e desprendimento da torta Produto Anticorrosivo a diversos produtos qu\u00edmicos Baixo peso<\/p>\n","protected":false},"featured_media":5253,"comment_status":"closed","ping_status":"closed","template":"","meta":{"rank_math_lock_modified_date":false,"_monsterinsights_skip_tracking":false,"_monsterinsights_sitenote_active":false,"_monsterinsights_sitenote_note":"","_monsterinsights_sitenote_category":0,"_uf_show_specific_survey":0,"_uf_disable_surveys":false,"_joinchat":[]},"product_cat":[453],"product_tag":[],"acf":[],"aioseo_notices":[],"_links":{"self":[{"href":"https:\/\/grupoairslaid.com.br\/lonas\/wp-json\/wp\/v2\/product\/5251"}],"collection":[{"href":"https:\/\/grupoairslaid.com.br\/lonas\/wp-json\/wp\/v2\/product"}],"about":[{"href":"https:\/\/grupoairslaid.com.br\/lonas\/wp-json\/wp\/v2\/types\/product"}],"replies":[{"embeddable":true,"href":"https:\/\/grupoairslaid.com.br\/lonas\/wp-json\/wp\/v2\/comments?post=5251"}],"version-history":[{"count":1,"href":"https:\/\/grupoairslaid.com.br\/lonas\/wp-json\/wp\/v2\/product\/5251\/revisions"}],"predecessor-version":[{"id":5452,"href":"https:\/\/grupoairslaid.com.br\/lonas\/wp-json\/wp\/v2\/product\/5251\/revisions\/5452"}],"wp:featuredmedia":[{"embeddable":true,"href":"https:\/\/grupoairslaid.com.br\/lonas\/wp-json\/wp\/v2\/media\/5253"}],"wp:attachment":[{"href":"https:\/\/grupoairslaid.com.br\/lonas\/wp-json\/wp\/v2\/media?parent=5251"}],"wp:term":[{"taxonomy":"product_cat","embeddable":true,"href":"https:\/\/grupoairslaid.com.br\/lonas\/wp-json\/wp\/v2\/product_cat?post=5251"},{"taxonomy":"product_tag","embeddable":true,"href":"https:\/\/grupoairslaid.com.br\/lonas\/wp-json\/wp\/v2\/product_tag?post=5251"}],"curies":[{"name":"wp","href":"https:\/\/api.w.org\/{rel}","templated":true}]}}