{"id":723,"date":"2023-04-29T11:30:07","date_gmt":"2023-04-29T14:30:07","guid":{"rendered":"https:\/\/grupoairslaid.com.br\/lonas\/?post_type=product&#038;p=723"},"modified":"2023-11-13T09:18:18","modified_gmt":"2023-11-13T12:18:18","slug":"lonas-filtro-prensa","status":"publish","type":"product","link":"https:\/\/grupoairslaid.com.br\/lonas\/produto\/lonas-filtro-prensa\/","title":{"rendered":"Lonas para Filtro Prensa"},"content":{"rendered":"<p><span style=\"font-weight: 400;\">As lonas para filtros-prensa Air Slaid s\u00e3o fabricadas sob medida, conforme\u00a0 a necessidade do cliente e seu processo de filtra\u00e7\u00e3o.<\/span><span style=\"font-weight: 400;\"><br \/>\n<\/span><span style=\"font-weight: 400;\"><br \/>\n<\/span><span style=\"font-weight: 400;\">Fabricamos lonas desde as dimens\u00f5es 400x400mm at\u00e9 2.500&#215;2.500mm com todos os recursos que seu processo necessita. Emborrachadas e refor\u00e7adas nas \u00e1reas de veda\u00e7\u00e3o, com rubberneck na interliga\u00e7\u00e3o e diversos tipos de fechamento<\/span><span style=\"font-weight: 400;\"><br \/>\n<\/span><span style=\"font-weight: 400;\"><br \/>\n<\/span><span style=\"font-weight: 400;\">Tecidos escolhidos conforme a necessidade do seu processo de filtra\u00e7\u00e3o:<\/span><span style=\"font-weight: 400;\"><br \/>\n<\/span><span style=\"font-weight: 400;\">Poli\u00e9ster, Polipropileno e poliamida. Fibras em monofilamento, multifilamento e fibra-cortada.<\/span><\/p>\n<p>&nbsp;<\/p>\n<p><span style=\"font-weight: 400;\">Alta durabilidade, mesmo em processos abrasivos.<\/span><span style=\"font-weight: 400;\"><br \/>\n<\/span><span style=\"font-weight: 400;\">A mais baixa permeabilidade ao ar do mercado<\/span><span style=\"font-weight: 400;\"><br \/>\n<\/span><span style=\"font-weight: 400;\">Deslocamento autom\u00e1tico da torta<\/span><\/p>\n<p><span style=\"font-weight: 400;\">Desempenho de filtragem<\/span><\/p>\n<p><span style=\"font-weight: 400;\">Filtrado mais puro<\/span><\/p>\n<p>&nbsp;<\/p>\n","protected":false},"excerpt":{"rendered":"<p>As lonas para filtros-prensa Air Slaid s\u00e3o fabricadas sob medida, conforme\u00a0 a necessidade do cliente e seu processo de filtra\u00e7\u00e3o. Fabricamos lonas desde as dimens\u00f5es 400x400mm at\u00e9 2.500&#215;2.500mm com todos os recursos que seu processo necessita. Emborrachadas e refor\u00e7adas nas \u00e1reas de veda\u00e7\u00e3o, com rubberneck na interliga\u00e7\u00e3o e diversos tipos de fechamento Tecidos escolhidos conforme [&hellip;]<\/p>\n","protected":false},"featured_media":5759,"comment_status":"closed","ping_status":"closed","template":"","meta":{"rank_math_lock_modified_date":false,"_monsterinsights_skip_tracking":false,"_monsterinsights_sitenote_active":false,"_monsterinsights_sitenote_note":"","_monsterinsights_sitenote_category":0,"_uf_show_specific_survey":0,"_uf_disable_surveys":false,"_joinchat":[]},"product_cat":[453],"product_tag":[],"acf":[],"aioseo_notices":[],"_links":{"self":[{"href":"https:\/\/grupoairslaid.com.br\/lonas\/wp-json\/wp\/v2\/product\/723"}],"collection":[{"href":"https:\/\/grupoairslaid.com.br\/lonas\/wp-json\/wp\/v2\/product"}],"about":[{"href":"https:\/\/grupoairslaid.com.br\/lonas\/wp-json\/wp\/v2\/types\/product"}],"replies":[{"embeddable":true,"href":"https:\/\/grupoairslaid.com.br\/lonas\/wp-json\/wp\/v2\/comments?post=723"}],"version-history":[{"count":6,"href":"https:\/\/grupoairslaid.com.br\/lonas\/wp-json\/wp\/v2\/product\/723\/revisions"}],"predecessor-version":[{"id":5761,"href":"https:\/\/grupoairslaid.com.br\/lonas\/wp-json\/wp\/v2\/product\/723\/revisions\/5761"}],"wp:featuredmedia":[{"embeddable":true,"href":"https:\/\/grupoairslaid.com.br\/lonas\/wp-json\/wp\/v2\/media\/5759"}],"wp:attachment":[{"href":"https:\/\/grupoairslaid.com.br\/lonas\/wp-json\/wp\/v2\/media?parent=723"}],"wp:term":[{"taxonomy":"product_cat","embeddable":true,"href":"https:\/\/grupoairslaid.com.br\/lonas\/wp-json\/wp\/v2\/product_cat?post=723"},{"taxonomy":"product_tag","embeddable":true,"href":"https:\/\/grupoairslaid.com.br\/lonas\/wp-json\/wp\/v2\/product_tag?post=723"}],"curies":[{"name":"wp","href":"https:\/\/api.w.org\/{rel}","templated":true}]}}